{"id":5530,"date":"2025-05-28T14:14:13","date_gmt":"2025-05-28T12:14:13","guid":{"rendered":"https:\/\/a-tronix.de\/?page_id=5530"},"modified":"2025-06-03T14:21:55","modified_gmt":"2025-06-03T12:21:55","slug":"app_fournisseur_de_services","status":"publish","type":"page","link":"https:\/\/a-tronix.de\/fr\/app_fournisseur_de_services\/","title":{"rendered":"APP Fournisseur de services"},"content":{"rendered":"<div data-elementor-type=\"wp-page\" data-elementor-id=\"5530\" class=\"elementor elementor-5530\" data-elementor-post-type=\"page\">\n\t\t\t\t<div data-particle_enable=\"false\" data-particle-mobile-disabled=\"false\" class=\"elementor-element elementor-element-d48d539 elementor-hidden-mobile e-flex e-con-boxed e-con e-parent\" data-id=\"d48d539\" data-element_type=\"container\" data-settings=\"{&quot;jet_parallax_layout_list&quot;:[],&quot;background_background&quot;:&quot;classic&quot;}\">\n\t\t\t\t\t<div class=\"e-con-inner\">\n\t\t\t\t\t<\/div>\n\t\t\t\t<\/div>\n\t\t<div data-particle_enable=\"false\" data-particle-mobile-disabled=\"false\" class=\"elementor-element elementor-element-f2e966c e-flex e-con-boxed e-con e-parent\" data-id=\"f2e966c\" data-element_type=\"container\" data-settings=\"{&quot;jet_parallax_layout_list&quot;:[]}\">\n\t\t\t\t\t<div class=\"e-con-inner\">\n\t\t<div data-particle_enable=\"false\" data-particle-mobile-disabled=\"false\" class=\"elementor-element elementor-element-c78c978 e-flex e-con-boxed e-con e-child\" data-id=\"c78c978\" data-element_type=\"container\" data-settings=\"{&quot;jet_parallax_layout_list&quot;:[],&quot;shape_divider_top&quot;:&quot;tilt&quot;}\">\n\t\t\t\t\t<div class=\"e-con-inner\">\n\t\t\t\t<div class=\"elementor-shape elementor-shape-top\" aria-hidden=\"true\" data-negative=\"false\">\n\t\t\t<svg xmlns=\"http:\/\/www.w3.org\/2000\/svg\" viewbox=\"0 0 1000 100\" preserveaspectratio=\"none\">\n\t<path class=\"elementor-shape-fill\" d=\"M0,6V0h1000v100L0,6z\"\/>\n<\/svg>\t\t<\/div>\n\t\t<div data-particle_enable=\"false\" data-particle-mobile-disabled=\"false\" class=\"elementor-element elementor-element-162a664 e-con-full e-flex e-con e-child\" data-id=\"162a664\" data-element_type=\"container\" data-settings=\"{&quot;jet_parallax_layout_list&quot;:[]}\">\n\t\t\t\t<div class=\"elementor-element elementor-element-a3366ce elementor-widget elementor-widget-heading\" data-id=\"a3366ce\" data-element_type=\"widget\" data-widget_type=\"heading.default\">\n\t\t\t\t\t<h1 class=\"elementor-heading-title elementor-size-default\">Liste des prestataires de services dans le cadre des syst\u00e8mes de gestion de l'\u00e9nergie domestique (HEMS)<\/h1>\t\t\t\t<\/div>\n\t\t\t\t<div class=\"elementor-element elementor-element-edbee4b elementor-widget elementor-widget-text-editor\" data-id=\"edbee4b\" data-element_type=\"widget\" data-widget_type=\"text-editor.default\">\n\t\t\t\t\t\t\t\t\t<p>Vous trouverez ci-dessous un aper\u00e7u des prestataires de services actifs dans le cadre de HEMS et qui pourraient potentiellement avoir acc\u00e8s \u00e0 des donn\u00e9es \u00e0 caract\u00e8re personnel. Veuillez noter que l'acc\u00e8s exact aux donn\u00e9es peut varier en fonction de la configuration sp\u00e9cifique de HEMS.<\/p>\t\t\t\t\t\t\t\t<\/div>\n\t\t\t\t<div class=\"elementor-element elementor-element-620acf1 elementor-widget elementor-widget-text-editor\" data-id=\"620acf1\" data-element_type=\"widget\" data-widget_type=\"text-editor.default\">\n\t\t\t\t\t\t\t\t\t<div class=\"grid-table\" role=\"table\">\n<!-- Kopfzeile -->\n<div class=\"row header\" role=\"row\">\n<div role=\"columnheader\" data-col=\"1\">Cat\u00e9gorie<\/div>\n<div role=\"columnheader\" data-col=\"2\">Prestataire de services<\/div>\n<div role=\"columnheader\" data-col=\"3\">R\u00f4le \/ fonction<\/div>\n<\/div>\n<!-- Cloud- und Hosting-Dienste -->\n<div class=\"row\" role=\"row\">\n<div role=\"cell\" data-col=\"1\" data-label=\"Kategorie\">Services de cloud et d'h\u00e9bergement<\/div>\n<div role=\"cell\" data-col=\"2\" data-label=\"Dienstleister\">Hetzner Online GmbH<\/div>\n<div role=\"cell\" data-col=\"3\" data-label=\"Rolle \/ Funktion\">H\u00e9bergement et stockage des donn\u00e9es<\/div>\n<\/div>\n<!-- Energiemanagement-Software (2 Zeilen) -->\n<div class=\"row\" role=\"row\">\n<div style=\"grid-row: span 1;\" role=\"cell\" data-col=\"1\" data-label=\"Kategorie\">Logiciel de gestion de l'\u00e9nergie<\/div>\n<div role=\"cell\" data-col=\"2\" data-label=\"Dienstleister\">Eniris<\/div>\n<div role=\"cell\" data-col=\"3\" data-label=\"Rolle \/ Funktion\">Logiciel de gestion et de contr\u00f4le de l'\u00e9nergie<\/div>\n<\/div>\n<!-- Datenmanagement -->\n<div class=\"row\" role=\"row\">\n<div role=\"cell\" data-col=\"1\" data-label=\"Kategorie\">Gestion des donn\u00e9es<\/div>\n<div role=\"cell\" data-col=\"2\" data-label=\"Dienstleister\">Usercentrics<\/div>\n<div role=\"cell\" data-col=\"3\" data-label=\"Rolle \/ Funktion\">Gestion du consentement pour les donn\u00e9es \u00e0 caract\u00e8re personnel<\/div>\n<\/div>\n<!-- Support- und Kundendienst -->\n<div class=\"row\" role=\"row\">\n<div role=\"cell\" data-col=\"1\" data-label=\"Kategorie\">Support et service \u00e0 la client\u00e8le<\/div>\n<div role=\"cell\" data-col=\"2\" data-label=\"Dienstleister\">Stonly<\/div>\n<div role=\"cell\" data-col=\"3\" data-label=\"Rolle \/ Funktion\">Syst\u00e8me d'assistance \u00e0 la client\u00e8le<\/div>\n<\/div>\n<!-- Hardware-Anbieter (4 Zeilen) -->\n<div class=\"row\" role=\"row\">\n<div style=\"grid-row: span 1;\" role=\"cell\" data-col=\"1\" data-label=\"Kategorie\">Fournisseur de mat\u00e9riel<\/div>\n\n<div class=\"row\" role=\"row\">\n<div role=\"cell\" data-col=\"2\" data-label=\"Dienstleister\">Foxess Co. Ltd<\/div>\n<div role=\"cell\" data-col=\"3\" data-label=\"Rolle \/ Funktion\">Mat\u00e9riel pour HEMS (par ex. onduleurs)<\/div>\n<\/div>\n\n<!-- Energieversorger (3 Zeilen) -->\n<div class=\"row\" role=\"row\">\n<div style=\"grid-row: span 3;\" role=\"cell\" data-col=\"1\" data-label=\"Kategorie\">Fournisseurs d'\u00e9nergie<\/div>\n<div role=\"cell\" data-col=\"2\" data-label=\"Dienstleister\">EnBW<\/div>\n<div role=\"cell\" data-col=\"3\" data-label=\"Rolle \/ Funktion\">Fournisseur d'\u00e9nergie proposant des solutions HEMS<\/div>\n<\/div>\n<div class=\"row\" role=\"row\">\n<div role=\"cell\" data-col=\"2\" data-label=\"Dienstleister\">E.ON<\/div>\n<div role=\"cell\" data-col=\"3\" data-label=\"Rolle \/ Funktion\">Fournisseur d'\u00e9nergie proposant des solutions HEMS<\/div>\n<\/div>\n<div class=\"row\" role=\"row\">\n<div role=\"cell\" data-col=\"2\" data-label=\"Dienstleister\">EnviaM<\/div>\n<div role=\"cell\" data-col=\"3\" data-label=\"Rolle \/ Funktion\">Fournisseur d'\u00e9nergie proposant des syst\u00e8mes de gestion de l'\u00e9nergie<\/div>\n<\/div>\n<!-- Installations- & Wartungsdienste -->\n<div class=\"row\" role=\"row\">\n<div role=\"cell\" data-col=\"1\" data-label=\"Kategorie\">Services d'installation et de maintenance<\/div>\n<div role=\"cell\" data-col=\"2\" data-label=\"Dienstleister\">Diff\u00e9rents prestataires de services locaux<\/div>\n<div role=\"cell\" data-col=\"3\" data-label=\"Rolle \/ Funktion\">Installation et maintenance des HEMS<\/div>\n<\/div>\n<\/div>\t\t\t\t\t\t\t\t<\/div>\n\t\t\t\t<div class=\"elementor-element elementor-element-2af26ea elementor-widget elementor-widget-text-editor\" data-id=\"2af26ea\" data-element_type=\"widget\" data-widget_type=\"text-editor.default\">\n\t\t\t\t\t\t\t\t\t<h2>Explications sur les cat\u00e9gories<\/h2><ul><li><strong>Services de cloud et d'h\u00e9bergement<\/strong>Ces fournisseurs fournissent l'infrastructure sur laquelle le logiciel et les donn\u00e9es HEMS sont h\u00e9berg\u00e9s. Hetzner Online GmbH stocke et traite des donn\u00e9es potentiellement personnelles.<\/li><li><strong>Logiciel de gestion de l'\u00e9nergie<\/strong>: Des entreprises comme Eniris d\u00e9veloppent des solutions logicielles pour le contr\u00f4le et la surveillance des HEMS, qui traitent les donn\u00e9es de consommation et les informations des utilisateurs.<\/li><li><strong>Gestion des donn\u00e9es<\/strong>: Usercentrics est sp\u00e9cialis\u00e9 dans la gestion des consentements aux donn\u00e9es, ce qui est essentiel pour traiter les donn\u00e9es personnelles de mani\u00e8re l\u00e9gale.<\/li><li><strong>Support et service \u00e0 la client\u00e8le<\/strong>: Stonly propose des solutions d'assistance qui peuvent n\u00e9cessiter l'acc\u00e8s aux donn\u00e9es des utilisateurs afin de fournir une assistance technique.<\/li><li><strong>Fournisseur de mat\u00e9riel<\/strong>Des fabricants comme Foxess Co. Ltd fournissent des appareils (par exemple des composants intelligents, des onduleurs, des pompes \u00e0 chaleur ou des bo\u00eetes murales) qui pourraient collecter des donn\u00e9es et les transmettre \u00e0 HEMS.<\/li><li><strong>Fournisseurs d'\u00e9nergie<\/strong>Des entreprises comme EnBW, E.ON et EnviaM proposent souvent leurs propres solutions HEMS et ont ainsi acc\u00e8s aux donn\u00e9es de consommation d'\u00e9nergie de leurs clients.<\/li><li><strong>Services d'installation et de maintenance<\/strong>Les prestataires de services locaux qui installent ou entretiennent les HEMS peuvent avoir acc\u00e8s \u00e0 des informations personnelles dans le cadre de leur travail.<\/li><\/ul><h3>Remarque<\/h3><p>Cette liste est bas\u00e9e sur les informations disponibles et les exemples cit\u00e9s (h\u00e9bergeurs, Eniris, TCL). Elle n'est pas exhaustive, car d'autres prestataires de services peuvent \u00eatre ajout\u00e9s en fonction du syst\u00e8me HEMS. L'acc\u00e8s aux donn\u00e9es \u00e0 caract\u00e8re personnel d\u00e9pend de la mani\u00e8re dont chaque prestataire de services est int\u00e9gr\u00e9 dans le syst\u00e8me et du type de donn\u00e9es qu'il traite.<\/p>\t\t\t\t\t\t\t\t<\/div>\n\t\t\t\t<\/div>\n\t\t\t\t\t<\/div>\n\t\t\t\t<\/div>\n\t\t\t\t\t<\/div>\n\t\t\t\t<\/div>\n\t\t\t\t<\/div>","protected":false},"excerpt":{"rendered":"<p>Liste der Dienstleister im Rahmen von Home Energy Management Systems (HEMS) Im Folgenden finden Sie eine \u00dcbersicht der Dienstleister, die im Rahmen von HEMS aktiv sind und potenziell Zugriff auf personenbezogene Daten haben k\u00f6nnten. Bitte beachten Sie, dass der genaue Datenzugriff je nach spezifischer HEMS-Konfiguration variieren kann. Kategorie Dienstleister Rolle \/ Funktion Cloud- und Hosting-Dienste [&hellip;]<\/p>","protected":false},"author":3,"featured_media":0,"parent":0,"menu_order":0,"comment_status":"closed","ping_status":"closed","template":"","meta":{"footnotes":""},"class_list":["post-5530","page","type-page","status-publish","hentry"],"_links":{"self":[{"href":"https:\/\/a-tronix.de\/fr\/wp-json\/wp\/v2\/pages\/5530","targetHints":{"allow":["GET"]}}],"collection":[{"href":"https:\/\/a-tronix.de\/fr\/wp-json\/wp\/v2\/pages"}],"about":[{"href":"https:\/\/a-tronix.de\/fr\/wp-json\/wp\/v2\/types\/page"}],"author":[{"embeddable":true,"href":"https:\/\/a-tronix.de\/fr\/wp-json\/wp\/v2\/users\/3"}],"replies":[{"embeddable":true,"href":"https:\/\/a-tronix.de\/fr\/wp-json\/wp\/v2\/comments?post=5530"}],"version-history":[{"count":17,"href":"https:\/\/a-tronix.de\/fr\/wp-json\/wp\/v2\/pages\/5530\/revisions"}],"predecessor-version":[{"id":5798,"href":"https:\/\/a-tronix.de\/fr\/wp-json\/wp\/v2\/pages\/5530\/revisions\/5798"}],"wp:attachment":[{"href":"https:\/\/a-tronix.de\/fr\/wp-json\/wp\/v2\/media?parent=5530"}],"curies":[{"name":"wp","href":"https:\/\/api.w.org\/{rel}","templated":true}]}}