{"id":5480,"date":"2025-05-21T12:54:56","date_gmt":"2025-05-21T10:54:56","guid":{"rendered":"https:\/\/a-tronix.de\/?page_id=5480"},"modified":"2025-05-21T12:56:38","modified_gmt":"2025-05-21T10:56:38","slug":"declaration-daccessibilite","status":"publish","type":"page","link":"https:\/\/a-tronix.de\/fr\/declaration-daccessibilite\/","title":{"rendered":"D\u00e9claration d'accessibilit\u00e9"},"content":{"rendered":"<div data-elementor-type=\"wp-page\" data-elementor-id=\"5480\" class=\"elementor elementor-5480\" data-elementor-post-type=\"page\">\n\t\t\t\t<div data-particle_enable=\"false\" data-particle-mobile-disabled=\"false\" class=\"elementor-element elementor-element-d48d539 elementor-hidden-mobile e-flex e-con-boxed e-con e-parent\" data-id=\"d48d539\" data-element_type=\"container\" data-settings=\"{&quot;jet_parallax_layout_list&quot;:[],&quot;background_background&quot;:&quot;classic&quot;}\">\n\t\t\t\t\t<div class=\"e-con-inner\">\n\t\t\t\t\t<\/div>\n\t\t\t\t<\/div>\n\t\t<div data-particle_enable=\"false\" data-particle-mobile-disabled=\"false\" class=\"elementor-element elementor-element-f2e966c e-flex e-con-boxed e-con e-parent\" data-id=\"f2e966c\" data-element_type=\"container\" data-settings=\"{&quot;jet_parallax_layout_list&quot;:[]}\">\n\t\t\t\t\t<div class=\"e-con-inner\">\n\t\t<div data-particle_enable=\"false\" data-particle-mobile-disabled=\"false\" class=\"elementor-element elementor-element-c78c978 e-flex e-con-boxed e-con e-child\" data-id=\"c78c978\" data-element_type=\"container\" data-settings=\"{&quot;jet_parallax_layout_list&quot;:[],&quot;shape_divider_top&quot;:&quot;tilt&quot;}\">\n\t\t\t\t\t<div class=\"e-con-inner\">\n\t\t\t\t<div class=\"elementor-shape elementor-shape-top\" aria-hidden=\"true\" data-negative=\"false\">\n\t\t\t<svg xmlns=\"http:\/\/www.w3.org\/2000\/svg\" viewbox=\"0 0 1000 100\" preserveaspectratio=\"none\">\n\t<path class=\"elementor-shape-fill\" d=\"M0,6V0h1000v100L0,6z\"\/>\n<\/svg>\t\t<\/div>\n\t\t<div data-particle_enable=\"false\" data-particle-mobile-disabled=\"false\" class=\"elementor-element elementor-element-162a664 e-con-full e-flex e-con e-child\" data-id=\"162a664\" data-element_type=\"container\" data-settings=\"{&quot;jet_parallax_layout_list&quot;:[]}\">\n\t\t\t\t<div class=\"elementor-element elementor-element-a3366ce elementor-widget elementor-widget-heading\" data-id=\"a3366ce\" data-element_type=\"widget\" data-widget_type=\"heading.default\">\n\t\t\t\t\t<h1 class=\"elementor-heading-title elementor-size-default\">D\u00e9claration d'accessibilit\u00e9<\/h1>\t\t\t\t<\/div>\n\t\t\t\t<div class=\"elementor-element elementor-element-edbee4b elementor-widget elementor-widget-text-editor\" data-id=\"edbee4b\" data-element_type=\"widget\" data-widget_type=\"text-editor.default\">\n\t\t\t\t\t\t\t\t\t<p>Situation au 29 avril 2025<\/p><p><strong>\u00c9tat de conformit\u00e9<\/strong><br \/>Actuellement, notre site Web ne r\u00e9pond pas aux normes d'accessibilit\u00e9 d\u00e9finies par les Web Content Accessibility Guidelines (WCAG) 2.1. Nous n'avons pas encore mis en \u0153uvre de mesures sp\u00e9cifiques d'accessibilit\u00e9, mais nous sommes conscients de l'importance de cette question et nous commen\u00e7ons \u00e0 planifier et \u00e0 mettre en \u0153uvre les am\u00e9liorations correspondantes.<\/p><p><strong>Description de l'accessibilit\u00e9<\/strong><br \/>Comme nous sommes au d\u00e9but de ce processus, les utilisateurs peuvent actuellement rencontrer des obstacles, notamment en ce qui concerne la facilit\u00e9 d'utilisation, la perceptibilit\u00e9 et la compr\u00e9hension de notre contenu. Notre objectif est d'\u00e9liminer ces obstacles le plus rapidement possible et de rendre le site accessible \u00e0 tous les utilisateurs.<\/p><p><strong>Mesures et calendrier<\/strong><br \/>Nous travaillons actuellement sur un plan visant \u00e0 am\u00e9liorer l'accessibilit\u00e9 de notre site web. Notre objectif est de nous mettre en conformit\u00e9 avec WCAG 2.1 niveau AA le plus rapidement possible. Les premi\u00e8res \u00e9tapes seront mises en \u0153uvre dans les mois \u00e0 venir et nous mettrons r\u00e9guli\u00e8rement \u00e0 jour cette d\u00e9claration afin de vous informer de nos progr\u00e8s.<\/p><p><strong>Coordonn\u00e9es<\/strong><br \/>Si vous rencontrez des obstacles ou si vous avez besoin d'aide, n'h\u00e9sitez pas \u00e0 nous contacter :<\/p><p>Courrier \u00e9lectronique : barrierefreiheit@akkusys.de<\/p><p><strong>R\u00e9actions<\/strong><br \/>Vos commentaires sont les bienvenus pour nous aider \u00e0 identifier les barri\u00e8res existantes et \u00e0 am\u00e9liorer notre site. N'h\u00e9sitez pas \u00e0 nous faire part de vos exp\u00e9riences en utilisant les moyens de contact mentionn\u00e9s ci-dessus.<\/p><p>Nous vous remercions de votre compr\u00e9hension et de votre soutien dans nos efforts pour cr\u00e9er un environnement num\u00e9rique accessible.<\/p>\t\t\t\t\t\t\t\t<\/div>\n\t\t\t\t<\/div>\n\t\t\t\t\t<\/div>\n\t\t\t\t<\/div>\n\t\t\t\t\t<\/div>\n\t\t\t\t<\/div>\n\t\t\t\t<\/div>","protected":false},"excerpt":{"rendered":"<p>D\u00e9claration d'accessibilit\u00e9 Mise \u00e0 jour : 29 avril 2025 \u00c9tat de conformit\u00e9Notre site web n'est actuellement pas conforme aux normes d'accessibilit\u00e9 d\u00e9finies par les Web Content Accessibility Guidelines (WCAG) 2.1. Nous n'avons pas encore mis en \u0153uvre de mesures sp\u00e9cifiques d'accessibilit\u00e9, mais nous sommes conscients de l'importance de cette question et nous commen\u00e7ons \u00e0 planifier et \u00e0 mettre en \u0153uvre les am\u00e9liorations correspondantes. Description de l'accessibilit\u00e9Au d\u00e9but de ce [...], nous avons d\u00e9cid\u00e9 de nous concentrer sur l'accessibilit\u00e9 des sites web.<\/p>","protected":false},"author":3,"featured_media":0,"parent":0,"menu_order":0,"comment_status":"closed","ping_status":"closed","template":"","meta":{"footnotes":""},"class_list":["post-5480","page","type-page","status-publish","hentry"],"_links":{"self":[{"href":"https:\/\/a-tronix.de\/fr\/wp-json\/wp\/v2\/pages\/5480","targetHints":{"allow":["GET"]}}],"collection":[{"href":"https:\/\/a-tronix.de\/fr\/wp-json\/wp\/v2\/pages"}],"about":[{"href":"https:\/\/a-tronix.de\/fr\/wp-json\/wp\/v2\/types\/page"}],"author":[{"embeddable":true,"href":"https:\/\/a-tronix.de\/fr\/wp-json\/wp\/v2\/users\/3"}],"replies":[{"embeddable":true,"href":"https:\/\/a-tronix.de\/fr\/wp-json\/wp\/v2\/comments?post=5480"}],"version-history":[{"count":4,"href":"https:\/\/a-tronix.de\/fr\/wp-json\/wp\/v2\/pages\/5480\/revisions"}],"predecessor-version":[{"id":5484,"href":"https:\/\/a-tronix.de\/fr\/wp-json\/wp\/v2\/pages\/5480\/revisions\/5484"}],"wp:attachment":[{"href":"https:\/\/a-tronix.de\/fr\/wp-json\/wp\/v2\/media?parent=5480"}],"curies":[{"name":"wp","href":"https:\/\/api.w.org\/{rel}","templated":true}]}}