{"id":190,"date":"2021-11-12T11:01:00","date_gmt":"2021-11-12T10:01:00","guid":{"rendered":"https:\/\/a-tronix.de\/wechselrichter-copy\/"},"modified":"2025-01-22T10:49:04","modified_gmt":"2025-01-22T09:49:04","slug":"mentions-legales","status":"publish","type":"page","link":"https:\/\/a-tronix.de\/fr\/mentions-legales\/","title":{"rendered":"Mentions l\u00e9gales"},"content":{"rendered":"<div data-elementor-type=\"wp-page\" data-elementor-id=\"190\" class=\"elementor elementor-190\" data-elementor-post-type=\"page\">\n\t\t\t\t<div data-particle_enable=\"false\" data-particle-mobile-disabled=\"false\" class=\"elementor-element elementor-element-b0a9c0f elementor-hidden-mobile e-flex e-con-boxed e-con e-parent\" data-id=\"b0a9c0f\" data-element_type=\"container\" data-settings=\"{&quot;jet_parallax_layout_list&quot;:[],&quot;background_background&quot;:&quot;classic&quot;}\">\n\t\t\t\t\t<div class=\"e-con-inner\">\n\t\t\t\t\t<\/div>\n\t\t\t\t<\/div>\n\t\t<div data-particle_enable=\"false\" data-particle-mobile-disabled=\"false\" class=\"elementor-element elementor-element-cdb2d5b e-flex e-con-boxed e-con e-parent\" data-id=\"cdb2d5b\" data-element_type=\"container\" data-settings=\"{&quot;jet_parallax_layout_list&quot;:[]}\">\n\t\t\t\t\t<div class=\"e-con-inner\">\n\t\t<div data-particle_enable=\"false\" data-particle-mobile-disabled=\"false\" class=\"elementor-element elementor-element-3908fbb e-flex e-con-boxed e-con e-child\" data-id=\"3908fbb\" data-element_type=\"container\" data-settings=\"{&quot;jet_parallax_layout_list&quot;:[],&quot;shape_divider_top&quot;:&quot;tilt&quot;}\">\n\t\t\t\t\t<div class=\"e-con-inner\">\n\t\t\t\t<div class=\"elementor-shape elementor-shape-top\" aria-hidden=\"true\" data-negative=\"false\">\n\t\t\t<svg xmlns=\"http:\/\/www.w3.org\/2000\/svg\" viewbox=\"0 0 1000 100\" preserveaspectratio=\"none\">\n\t<path class=\"elementor-shape-fill\" d=\"M0,6V0h1000v100L0,6z\"\/>\n<\/svg>\t\t<\/div>\n\t\t<div data-particle_enable=\"false\" data-particle-mobile-disabled=\"false\" class=\"elementor-element elementor-element-99205ad e-con-full e-flex e-con e-child\" data-id=\"99205ad\" data-element_type=\"container\" data-settings=\"{&quot;jet_parallax_layout_list&quot;:[]}\">\n\t\t\t\t<div class=\"elementor-element elementor-element-e55f268 elementor-widget elementor-widget-heading\" data-id=\"e55f268\" data-element_type=\"widget\" data-widget_type=\"heading.default\">\n\t\t\t\t\t<h1 class=\"elementor-heading-title elementor-size-default\">Mentions l\u00e9gales<\/h1>\t\t\t\t<\/div>\n\t\t\t\t<div class=\"elementor-element elementor-element-9e6f345 elementor-widget elementor-widget-text-editor\" data-id=\"9e6f345\" data-element_type=\"widget\" data-widget_type=\"text-editor.default\">\n\t\t\t\t\t\t\t\t\t<p><b>a-TroniX est une marque de<br \/>AKKU SYS Akkumulator- und Batterietechnik Nord GmbH (technique d'accumulateurs et de batteries)<\/b><br \/>Verbindungsweg 23<br \/>D-25469 Halstenbek\u00a0<\/p><p><b>Directeur g\u00e9n\u00e9ral :<\/b><br \/>Joachim Koop &amp; Bj\u00f6rn Nowosadtko<\/p><p><b>Contact :<\/b><br \/>T.\u00a0<a href=\"tel:+4941015055972\">+49 4101 50 55 972<\/a><br \/>F.\u00a0<a href=\"tel:+4941013767666\">+49 4101 37676-66<\/a><br \/>Courrier \u00e9lectronique : info@akkusys.de<\/p><p><strong>Registre du commerce :<\/strong>\u00a0Tribunal d'instance de Pinneberg<br \/><strong>Num\u00e9ro d'enregistrement :<\/strong>\u00a0HRB : 10211PI<\/p><p><strong>Num\u00e9ro d'identification de la taxe sur le chiffre d'affaires<\/strong>\u00a0conform\u00e9ment au \u00a727 a de la loi sur la TVA :<br \/>Num\u00e9ro de TVA DE263031252<\/p><p><strong>Responsable du site web :<\/strong><br \/>Joachim Koop &amp; Bj\u00f6rn Nowosadtko<\/p><p><strong>Responsabilit\u00e9 du contenu<\/strong><\/p><p>En tant que prestataire de services, nous sommes responsables, conform\u00e9ment au \u00a7 7 alin\u00e9a 1 de la loi allemande sur les t\u00e9l\u00e9m\u00e9dias (TMG), de nos propres contenus sur ces pages selon les lois g\u00e9n\u00e9rales. Conform\u00e9ment aux \u00a7 8 \u00e0 10 de la TMG, nous ne sommes toutefois pas tenus, en tant que prestataire de services, de surveiller les informations externes transmises ou enregistr\u00e9es ou de rechercher des circonstances indiquant une activit\u00e9 ill\u00e9gale. Les obligations de supprimer ou de bloquer l'utilisation d'informations conform\u00e9ment aux lois g\u00e9n\u00e9rales restent inchang\u00e9es. Une responsabilit\u00e9 \u00e0 cet \u00e9gard n'est toutefois possible qu'\u00e0 partir du moment o\u00f9 une violation concr\u00e8te de la loi est connue. D\u00e8s la prise de connaissance d'une telle violation, nous supprimerons imm\u00e9diatement les contenus concern\u00e9s.<\/p><p><strong>Responsabilit\u00e9 pour les liens<\/strong><\/p><p>Notre offre contient des liens vers des sites web externes de tiers, sur le contenu desquels nous n'avons aucune influence. C'est pourquoi nous ne pouvons pas non plus nous porter garants de ces contenus externes. Le fournisseur ou l'exploitant des pages li\u00e9es est toujours responsable des contenus de ces pages. Les pages li\u00e9es ont \u00e9t\u00e9 contr\u00f4l\u00e9es au moment de la cr\u00e9ation du lien afin de v\u00e9rifier qu'elles ne pr\u00e9sentaient pas d'infraction \u00e0 la loi. Aucun contenu ill\u00e9gal n'a \u00e9t\u00e9 identifi\u00e9 au moment de la cr\u00e9ation du lien. Un contr\u00f4le permanent du contenu des pages li\u00e9es n'est toutefois pas exigible sans indices concrets d'une violation de la loi. D\u00e8s que nous aurons connaissance d'une violation de la loi, nous supprimerons imm\u00e9diatement les liens concern\u00e9s.<\/p><p><strong>Droit d'auteur<\/strong><\/p><p>Les contenus et les \u0153uvres cr\u00e9\u00e9s par les exploitants de ces pages sont soumis au droit d'auteur allemand. La reproduction, le traitement, la diffusion et toute forme d'exploitation en dehors des limites du droit d'auteur requi\u00e8rent l'accord \u00e9crit de l'auteur ou du cr\u00e9ateur concern\u00e9. Les t\u00e9l\u00e9chargements et les copies de ce site ne sont autoris\u00e9s que pour un usage priv\u00e9 et non commercial. Dans la mesure o\u00f9 les contenus de ce site n'ont pas \u00e9t\u00e9 cr\u00e9\u00e9s par l'exploitant, les droits d'auteur de tiers sont respect\u00e9s. Les contenus de tiers sont notamment identifi\u00e9s comme tels. Si vous deviez n\u00e9anmoins constater une violation des droits d'auteur, nous vous prions de nous en informer. D\u00e8s la prise de connaissance d'une violation de la loi, nous supprimerons imm\u00e9diatement les contenus concern\u00e9s.<\/p>\t\t\t\t\t\t\t\t<\/div>\n\t\t\t\t<\/div>\n\t\t\t\t\t<\/div>\n\t\t\t\t<\/div>\n\t\t\t\t\t<\/div>\n\t\t\t\t<\/div>\n\t\t\t\t<\/div>","protected":false},"excerpt":{"rendered":"<p>Mentions l\u00e9gales a-TroniX est une marque deAKKU SYS Akkumulator- und Batterietechnik Nord GmbHVerbindungsweg 23D-25469 Halstenbek G\u00e9rants:Joachim Koop &amp; Bj\u00f6rn Nowosadtko Contact:T. +49 4101 50 55 972F. +49 4101 37676-66E-mail : info@akkusys.de Registre du commerce : Tribunal d'instance de PinnebergNum\u00e9ro d'enregistrement : HRB : 10211PI Num\u00e9ro d'identification de la taxe sur le chiffre d'affaires conform\u00e9ment au \u00a727 a de la loi sur la taxe sur le chiffre d'affaires:UStID DE263031252 Responsable du site web:Joachim Koop &amp; Bj\u00f6rn Nowosadtko Responsabilit\u00e9 pour le contenu En tant que fournisseur de services, nous sommes responsables, conform\u00e9ment au \u00a7 7 al.1 de la loi sur les m\u00e9dias \u00e9lectroniques, [...].<\/p>","protected":false},"author":3,"featured_media":0,"parent":0,"menu_order":0,"comment_status":"closed","ping_status":"closed","template":"","meta":{"footnotes":""},"class_list":["post-190","page","type-page","status-publish","hentry"],"_links":{"self":[{"href":"https:\/\/a-tronix.de\/fr\/wp-json\/wp\/v2\/pages\/190","targetHints":{"allow":["GET"]}}],"collection":[{"href":"https:\/\/a-tronix.de\/fr\/wp-json\/wp\/v2\/pages"}],"about":[{"href":"https:\/\/a-tronix.de\/fr\/wp-json\/wp\/v2\/types\/page"}],"author":[{"embeddable":true,"href":"https:\/\/a-tronix.de\/fr\/wp-json\/wp\/v2\/users\/3"}],"replies":[{"embeddable":true,"href":"https:\/\/a-tronix.de\/fr\/wp-json\/wp\/v2\/comments?post=190"}],"version-history":[{"count":9,"href":"https:\/\/a-tronix.de\/fr\/wp-json\/wp\/v2\/pages\/190\/revisions"}],"predecessor-version":[{"id":5185,"href":"https:\/\/a-tronix.de\/fr\/wp-json\/wp\/v2\/pages\/190\/revisions\/5185"}],"wp:attachment":[{"href":"https:\/\/a-tronix.de\/fr\/wp-json\/wp\/v2\/media?parent=190"}],"curies":[{"name":"wp","href":"https:\/\/api.w.org\/{rel}","templated":true}]}}