{"id":166,"date":"2021-11-12T08:02:38","date_gmt":"2021-11-12T07:02:38","guid":{"rendered":"https:\/\/a-tronix.de\/wechselrichter-copy\/"},"modified":"2025-06-16T11:02:40","modified_gmt":"2025-06-16T09:02:40","slug":"demander-une-offre","status":"publish","type":"page","link":"https:\/\/a-tronix.de\/fr\/demander-une-offre\/","title":{"rendered":"Demander une offre"},"content":{"rendered":"<div data-elementor-type=\"wp-page\" data-elementor-id=\"166\" class=\"elementor elementor-166\" data-elementor-post-type=\"page\">\n\t\t\t\t<div data-particle_enable=\"false\" data-particle-mobile-disabled=\"false\" class=\"elementor-element elementor-element-0dc32b5 e-flex e-con-boxed e-con e-parent\" data-id=\"0dc32b5\" data-element_type=\"container\" data-settings=\"{&quot;background_background&quot;:&quot;classic&quot;,&quot;jet_parallax_layout_list&quot;:[],&quot;shape_divider_bottom&quot;:&quot;tilt&quot;}\">\n\t\t\t\t\t<div class=\"e-con-inner\">\n\t\t\t\t<div class=\"elementor-shape elementor-shape-bottom\" aria-hidden=\"true\" data-negative=\"false\">\n\t\t\t<svg xmlns=\"http:\/\/www.w3.org\/2000\/svg\" viewbox=\"0 0 1000 100\" preserveaspectratio=\"none\">\n\t<path class=\"elementor-shape-fill\" d=\"M0,6V0h1000v100L0,6z\"\/>\n<\/svg>\t\t<\/div>\n\t\t<div data-particle_enable=\"false\" data-particle-mobile-disabled=\"false\" class=\"elementor-element elementor-element-2d573f2 e-con-full e-flex e-con e-child\" data-id=\"2d573f2\" data-element_type=\"container\" data-settings=\"{&quot;jet_parallax_layout_list&quot;:[]}\">\n\t\t\t\t<div class=\"elementor-element elementor-element-a1fed07 elementor-widget elementor-widget-heading\" data-id=\"a1fed07\" data-element_type=\"widget\" data-widget_type=\"heading.default\">\n\t\t\t\t\t<h1 class=\"elementor-heading-title elementor-size-default\">Demander une offre<\/h1>\t\t\t\t<\/div>\n\t\t\t\t<\/div>\n\t\t\t\t\t<\/div>\n\t\t\t\t<\/div>\n\t\t<div data-particle_enable=\"false\" data-particle-mobile-disabled=\"false\" class=\"elementor-element elementor-element-f414a34 e-flex e-con-boxed e-con e-parent\" data-id=\"f414a34\" data-element_type=\"container\" data-settings=\"{&quot;jet_parallax_layout_list&quot;:[]}\">\n\t\t\t\t\t<div class=\"e-con-inner\">\n\t\t<div data-particle_enable=\"false\" data-particle-mobile-disabled=\"false\" class=\"elementor-element elementor-element-1762b1c e-flex e-con-boxed e-con e-child\" data-id=\"1762b1c\" data-element_type=\"container\" data-settings=\"{&quot;jet_parallax_layout_list&quot;:[],&quot;shape_divider_top&quot;:&quot;tilt&quot;}\">\n\t\t\t\t\t<div class=\"e-con-inner\">\n\t\t\t\t<div class=\"elementor-shape elementor-shape-top\" aria-hidden=\"true\" data-negative=\"false\">\n\t\t\t<svg xmlns=\"http:\/\/www.w3.org\/2000\/svg\" viewbox=\"0 0 1000 100\" preserveaspectratio=\"none\">\n\t<path class=\"elementor-shape-fill\" d=\"M0,6V0h1000v100L0,6z\"\/>\n<\/svg>\t\t<\/div>\n\t\t<div data-particle_enable=\"false\" data-particle-mobile-disabled=\"false\" class=\"elementor-element elementor-element-eb3eb16 e-con-full e-flex e-con e-child\" data-id=\"eb3eb16\" data-element_type=\"container\" data-settings=\"{&quot;jet_parallax_layout_list&quot;:[]}\">\n\t\t\t\t<div class=\"elementor-element elementor-element-02d18ff elementor-widget elementor-widget-heading\" data-id=\"02d18ff\" data-element_type=\"widget\" data-widget_type=\"heading.default\">\n\t\t\t\t\t<h2 class=\"elementor-heading-title elementor-size-default\">Vous souhaitez obtenir une offre ?<\/h2>\t\t\t\t<\/div>\n\t\t\t\t<div class=\"elementor-element elementor-element-7c55852 elementor-widget-divider--view-line elementor-invisible elementor-widget elementor-widget-divider\" data-id=\"7c55852\" data-element_type=\"widget\" data-settings=\"{&quot;_animation&quot;:&quot;fadeInLeft&quot;}\" data-widget_type=\"divider.default\">\n\t\t\t\t\t\t\t<div class=\"elementor-divider\">\n\t\t\t<span class=\"elementor-divider-separator\">\n\t\t\t\t\t\t<\/span>\n\t\t<\/div>\n\t\t\t\t\t\t<\/div>\n\t\t\t\t<div class=\"elementor-element elementor-element-845e59f elementor-widget-tablet__width-inherit elementor-widget elementor-widget-heading\" data-id=\"845e59f\" data-element_type=\"widget\" data-widget_type=\"heading.default\">\n\t\t\t\t\t<h2 class=\"elementor-heading-title elementor-size-default\">Si vous souhaitez recevoir une offre ou un conseil, veuillez utiliser le formulaire suivant et nous vous contacterons dans les plus brefs d\u00e9lais.<\/h2>\t\t\t\t<\/div>\n\t\t\t\t<div class=\"elementor-element elementor-element-096cacb eael-wpforms-labels-yes eael-wpforms-form-button-custom elementor-widget elementor-widget-eael-wpforms\" data-id=\"096cacb\" data-element_type=\"widget\" data-widget_type=\"eael-wpforms.default\">\n\t\t\t\t\t            <div class=\"eael-contact-form eael-wpforms eael-wpforms-align-default\">\n                                <div class=\"wpforms-container wpforms-container-full wpforms-container wpforms-render-modern\" id=\"wpforms-5257\"><form id=\"wpforms-form-5257\" class=\"wpforms-validate wpforms-form wpforms-ajax-form\" data-formid=\"5257\" method=\"post\" enctype=\"multipart\/form-data\" action=\"\/fr\/wp-json\/wp\/v2\/pages\/166\" data-token=\"22ec9160f8c1f0ea895e8663e8e55c23\" data-token-time=\"1778021286\" data-trp-original-action=\"\/fr\/wp-json\/wp\/v2\/pages\/166\"><noscript class=\"wpforms-error-noscript\">Veuillez activer JavaScript dans votre navigateur pour remplir ce formulaire.<\/noscript><div id=\"wpforms-error-noscript\" style=\"display: none;\">Veuillez activer JavaScript dans votre navigateur pour remplir ce formulaire.<\/div><div class=\"wpforms-field-container\"><div id=\"wpforms-5257-field_1-container\" class=\"wpforms-field wpforms-field-radio wpforms-list-inline wpforms-conditional-trigger\" data-field-id=\"1\"><fieldset><legend class=\"wpforms-field-label\">Demander une offre en tant que <span class=\"wpforms-required-label\" aria-hidden=\"true\">*<\/span><\/legend><ul id=\"wpforms-5257-field_1\" class=\"wpforms-field-required\"><li class=\"choice-1 depth-1 wpforms-selected\"><input type=\"radio\" id=\"wpforms-5257-field_1_1\" name=\"wpforms[fields][1]\" value=\"Privatkunde\" aria-errormessage=\"wpforms-5257-field_1_1-error\" required checked='checked'><label class=\"wpforms-field-label-inline\" for=\"wpforms-5257-field_1_1\">Client priv\u00e9<\/label><\/li><li class=\"choice-2 depth-1\"><input type=\"radio\" id=\"wpforms-5257-field_1_2\" name=\"wpforms[fields][1]\" value=\"Gesch\u00e4ftskunde\" aria-errormessage=\"wpforms-5257-field_1_2-error\" required><label class=\"wpforms-field-label-inline\" for=\"wpforms-5257-field_1_2\">Client professionnel<\/label><\/li><\/ul><\/fieldset><\/div><div id=\"wpforms-5257-field_2-container\" class=\"wpforms-field wpforms-field-text wpforms-conditional-field wpforms-conditional-show\" data-field-id=\"2\" style=\"display:none;\"><label class=\"wpforms-field-label\" for=\"wpforms-5257-field_2\">Soci\u00e9t\u00e9 <span class=\"wpforms-required-label\" aria-hidden=\"true\">*<\/span><\/label><input type=\"text\" id=\"wpforms-5257-field_2\" class=\"wpforms-field-large wpforms-field-required\" name=\"wpforms[fields][2]\" placeholder=\"Exemple de SARL\" aria-errormessage=\"wpforms-5257-field_2-error\" required><\/div><div id=\"wpforms-5257-field_3-container\" class=\"wpforms-field wpforms-field-name wpforms-conditional-field wpforms-conditional-hide\" data-field-id=\"3\"><fieldset><legend class=\"wpforms-field-label\">Pr\u00e9nom &amp; Nom <span class=\"wpforms-required-label\" aria-hidden=\"true\">*<\/span><\/legend><div class=\"wpforms-field-row wpforms-field-large\"><div class=\"wpforms-field-row-block wpforms-first wpforms-one-half\"><input type=\"text\" id=\"wpforms-5257-field_3\" class=\"wpforms-field-name-first wpforms-field-required\" name=\"wpforms[fields][3][first]\" placeholder=\"Pr\u00e9nom\" aria-errormessage=\"wpforms-5257-field_3-error\" required><label for=\"wpforms-5257-field_3\" class=\"wpforms-field-sublabel after wpforms-sublabel-hide\">Pr\u00e9nom<\/label><\/div><div class=\"wpforms-field-row-block wpforms-one-half\"><input type=\"text\" id=\"wpforms-5257-field_3-last\" class=\"wpforms-field-name-last wpforms-field-required\" name=\"wpforms[fields][3][last]\" placeholder=\"Nom de famille\" aria-errormessage=\"wpforms-5257-field_3-last-error\" required><label for=\"wpforms-5257-field_3-last\" class=\"wpforms-field-sublabel after wpforms-sublabel-hide\">Nom<\/label><\/div><\/div><\/fieldset><\/div><div id=\"wpforms-5257-field_4-container\" class=\"wpforms-field wpforms-field-name wpforms-conditional-field wpforms-conditional-show\" data-field-id=\"4\" style=\"display:none;\"><fieldset><legend class=\"wpforms-field-label\">Personne de contact Pr\u00e9nom &amp; Nom <span class=\"wpforms-required-label\" aria-hidden=\"true\">*<\/span><\/legend><div class=\"wpforms-field-row wpforms-field-large\"><div class=\"wpforms-field-row-block wpforms-first wpforms-one-half\"><input type=\"text\" id=\"wpforms-5257-field_4\" class=\"wpforms-field-name-first wpforms-field-required\" name=\"wpforms[fields][4][first]\" placeholder=\"Pr\u00e9nom\" aria-errormessage=\"wpforms-5257-field_4-error\" required><label for=\"wpforms-5257-field_4\" class=\"wpforms-field-sublabel after wpforms-sublabel-hide\">Pr\u00e9nom<\/label><\/div><div class=\"wpforms-field-row-block wpforms-one-half\"><input type=\"text\" id=\"wpforms-5257-field_4-last\" class=\"wpforms-field-name-last wpforms-field-required\" name=\"wpforms[fields][4][last]\" placeholder=\"Nom de famille\" aria-errormessage=\"wpforms-5257-field_4-last-error\" required><label for=\"wpforms-5257-field_4-last\" class=\"wpforms-field-sublabel after wpforms-sublabel-hide\">Nom<\/label><\/div><\/div><\/fieldset><\/div><div id=\"wpforms-5257-field_5-container\" class=\"wpforms-field wpforms-field-email\" data-field-id=\"5\"><label class=\"wpforms-field-label\" for=\"wpforms-5257-field_5\">Adresse \u00e9lectronique <span class=\"wpforms-required-label\" aria-hidden=\"true\">*<\/span><\/label><input type=\"email\" id=\"wpforms-5257-field_5\" class=\"wpforms-field-large wpforms-field-required\" name=\"wpforms[fields][5]\" placeholder=\"name@domain.de\" spellcheck=\"false\" aria-errormessage=\"wpforms-5257-field_5-error\" required><\/div><div id=\"wpforms-5257-field_6-container\" class=\"wpforms-field wpforms-field-phone\" data-field-id=\"6\"><label class=\"wpforms-field-label\" for=\"wpforms-5257-field_6\">Num\u00e9ro de t\u00e9l\u00e9phone <span class=\"wpforms-required-label\" aria-hidden=\"true\">*<\/span><\/label><input type=\"tel\" id=\"wpforms-5257-field_6\" class=\"wpforms-field-large wpforms-field-required wpforms-smart-phone-field\" data-rule-smart-phone-field=\"true\" name=\"wpforms[fields][6]\" placeholder=\"+49 173 456 78 90\" aria-label=\"Num\u00e9ro de t\u00e9l\u00e9phone\" aria-errormessage=\"wpforms-5257-field_6-error\" required><\/div>\t\t<div id=\"wpforms-5257-field_10-container\"\n\t\t\tclass=\"wpforms-field wpforms-field-text\"\n\t\t\tdata-field-type=\"text\"\n\t\t\tdata-field-id=\"10\"\n\t\t\t>\n\t\t\t<label class=\"wpforms-field-label\" for=\"wpforms-5257-field_10\" >&amp; Verborgenes Interesse<\/label>\n\t\t\t<input type=\"text\" id=\"wpforms-5257-field_10\" class=\"wpforms-field-medium\" name=\"wpforms[fields][10]\" >\n\t\t<\/div>\n\t\t<div id=\"wpforms-5257-field_7-container\" class=\"wpforms-field wpforms-field-select wpforms-field-select-style-modern\" data-field-id=\"7\"><label class=\"wpforms-field-label\" for=\"wpforms-5257-field_7\">Int\u00e9r\u00eat pour :<\/label><select id=\"wpforms-5257-field_7\" class=\"wpforms-field-large choicesjs-select\" data-size-class=\"wpforms-field-row wpforms-field-large\" data-search-enabled=\"\" name=\"wpforms[fields][7]\"><option value=\"\" class=\"placeholder\" disabled selected='selected'>Veuillez choisir<\/option><option value=\"Individuelle Beratung\"  class=\"choice-1 depth-1\"  >Conseils personnalis\u00e9s<\/option><option value=\"Wechselrichter\"  class=\"choice-2 depth-1\"  >Onduleur<\/option><option value=\"Speicher\"  class=\"choice-3 depth-1\"  >M\u00e9moire<\/option><option value=\"Brauchwasserw\u00e4rmepumpe\"  class=\"choice-4 depth-1\"  >Pompe \u00e0 chaleur pour eau chaude sanitaire<\/option><option value=\"Wallboxen\"  class=\"choice-5 depth-1\"  >Borne de recharge<\/option><option value=\"Energiemanager\"  class=\"choice-6 depth-1\"  >Gestionnaire d'\u00e9nergie<\/option><\/select><\/div><div id=\"wpforms-5257-field_8-container\" class=\"wpforms-field wpforms-field-textarea\" data-field-id=\"8\"><label class=\"wpforms-field-label\" for=\"wpforms-5257-field_8\">Demande <span class=\"wpforms-required-label\" aria-hidden=\"true\">*<\/span><\/label><textarea id=\"wpforms-5257-field_8\" class=\"wpforms-field-medium wpforms-field-required\" name=\"wpforms[fields][8]\" placeholder=\"Veuillez d\u00e9crire votre demande de mani\u00e8re aussi d\u00e9taill\u00e9e que possible.\" aria-errormessage=\"wpforms-5257-field_8-error\" required><\/textarea><\/div><div id=\"wpforms-5257-field_9-container\" class=\"wpforms-field wpforms-field-gdpr-checkbox\" data-field-id=\"9\"><label class=\"wpforms-field-label\">Accord RGPD <span class=\"wpforms-required-label\" aria-hidden=\"true\">*<\/span><\/label><ul id=\"wpforms-5257-field_9\" class=\"wpforms-field-required\"><li class=\"choice-1\"><input type=\"checkbox\" id=\"wpforms-5257-field_9_1\" name=\"wpforms[fields][9][]\" value=\"Ich stimme der Verarbeitung meiner Angaben aus dem Kontaktformular zu. Weitere Informationen erhalten Sie &lt;a href=&quot;Ich stimme der Verarbeitung meiner Angaben aus dem Kontaktformular zu. Weitere Informationen erhalten Sie &lt;a href=&quot;&gt;hier&lt;\/a&gt;.&quot;&gt;hier.\" aria-errormessage=\"wpforms-5257-field_9_1-error\" required><label class=\"wpforms-field-label-inline\" for=\"wpforms-5257-field_9_1\">J'autorise le traitement des informations fournies dans le formulaire de contact. Pour plus d'informations, veuillez contacter <a href=\"\/fr\/Ich stimme der Verarbeitung meiner Angaben aus dem Kontaktformular zu. Weitere Informationen erhalten Sie &lt;a href=\/\">ici<\/a>.\"&gt;ici.<\/label><\/li><\/ul><\/div><div id=\"wpforms-5257-field_11-container\" class=\"wpforms-field wpforms-field-hidden\" data-field-id=\"11\"><input type=\"hidden\" id=\"wpforms-5257-field_11\" name=\"wpforms[fields][11]\"><\/div><script>\n\t\t\t\t( function() {\n\t\t\t\t\tconst style = document.createElement( 'style' );\n\t\t\t\t\tstyle.appendChild( document.createTextNode( '#wpforms-5257-field_10-container { position: absolute !important; overflow: hidden !important; display: inline !important; height: 1px !important; width: 1px !important; z-index: -1000 !important; padding: 0 !important; } #wpforms-5257-field_10-container input { visibility: hidden; } #wpforms-conversational-form-page #wpforms-5257-field_10-container label { counter-increment: none; }' ) );\n\t\t\t\t\tdocument.head.appendChild( style );\n\t\t\t\t\tdocument.currentScript?.remove();\n\t\t\t\t} )();\n\t\t\t<\/script><\/div><!-- .wpforms-field-container --><div class=\"wpforms-submit-container\" ><input type=\"hidden\" name=\"wpforms[id]\" value=\"5257\"><input type=\"hidden\" name=\"page_title\" value=\"\"><input type=\"hidden\" name=\"page_url\" value=\"https:\/\/a-tronix.de\/fr\/wp-json\/wp\/v2\/pages\/166\"><input type=\"hidden\" name=\"url_referer\" value=\"\"><button type=\"submit\" name=\"wpforms[submit]\" id=\"wpforms-submit-5257\" class=\"wpforms-submit\" data-alt-text=\"Wird gesendet\u00a0\u2026\" data-submit-text=\"Anfrage Absenden\" aria-live=\"assertive\" value=\"wpforms-submit\">Envoyer la demande<\/button><img decoding=\"async\" src=\"https:\/\/a-tronix.de\/wp-content\/plugins\/wpforms\/assets\/images\/submit-spin.svg\" class=\"wpforms-submit-spinner\" style=\"display: none;\" width=\"26\" height=\"26\" alt=\"Chargement en cours\"><\/div><input type=\"hidden\" name=\"trp-form-language\" value=\"fr\"\/><\/form><\/div>  <!-- .wpforms-container -->            <\/div>\n\t\t\t\t<\/div>\n\t\t\t\t<\/div>\n\t\t<div data-particle_enable=\"false\" data-particle-mobile-disabled=\"false\" class=\"elementor-element elementor-element-c0b6f67 e-con-full e-flex e-con e-child\" data-id=\"c0b6f67\" data-element_type=\"container\" data-settings=\"{&quot;jet_parallax_layout_list&quot;:[],&quot;sticky&quot;:&quot;top&quot;,&quot;sticky_offset&quot;:50,&quot;sticky_parent&quot;:&quot;yes&quot;,&quot;sticky_on&quot;:[&quot;desktop&quot;,&quot;tablet&quot;,&quot;mobile&quot;],&quot;sticky_effects_offset&quot;:0,&quot;sticky_anchor_link_offset&quot;:0}\">\n\t\t\t\t<div class=\"elementor-element elementor-element-addc19d elementor-widget elementor-widget-image\" data-id=\"addc19d\" data-element_type=\"widget\" data-widget_type=\"image.default\">\n\t\t\t\t\t\t\t\t\t\t\t\t\t\t\t<img fetchpriority=\"high\" decoding=\"async\" width=\"1920\" height=\"1080\" src=\"https:\/\/a-tronix.de\/wp-content\/uploads\/2024\/06\/Header-Partner-werden.jpg\" class=\"attachment-full size-full wp-image-3114\" alt=\"Un homme et une femme se serrent la main \u00e0 la table de r\u00e9union.\" srcset=\"https:\/\/a-tronix.de\/wp-content\/uploads\/2024\/06\/Header-Partner-werden.jpg 1920w, https:\/\/a-tronix.de\/wp-content\/uploads\/2024\/06\/Header-Partner-werden-300x169.jpg 300w, https:\/\/a-tronix.de\/wp-content\/uploads\/2024\/06\/Header-Partner-werden-1024x576.jpg 1024w, https:\/\/a-tronix.de\/wp-content\/uploads\/2024\/06\/Header-Partner-werden-768x432.jpg 768w, https:\/\/a-tronix.de\/wp-content\/uploads\/2024\/06\/Header-Partner-werden-1536x864.jpg 1536w, https:\/\/a-tronix.de\/wp-content\/uploads\/2024\/06\/Header-Partner-werden-133x75.jpg 133w, https:\/\/a-tronix.de\/wp-content\/uploads\/2024\/06\/Header-Partner-werden-480x270.jpg 480w\" sizes=\"(max-width: 1920px) 100vw, 1920px\" \/>\t\t\t\t\t\t\t\t\t\t\t\t\t\t\t<\/div>\n\t\t\t\t<\/div>\n\t\t\t\t\t<\/div>\n\t\t\t\t<\/div>\n\t\t\t\t\t<\/div>\n\t\t\t\t<\/div>\n\t\t\t\t<\/div>","protected":false},"excerpt":{"rendered":"<p>Demander une offre Vous souhaitez demander une offre ? Si vous souhaitez un devis ou un conseil, utilisez le formulaire ci-dessous et nous vous contacterons dans les plus brefs d\u00e9lais. Veuillez activer JavaScript dans votre navigateur afin de terminer ce formulaire.Veuillez activer JavaScript dans votre navigateur afin de terminer ce formulaire. Demander une offre en tant que * client priv\u00e9 client professionnel entreprise * Avant [...]<\/p>","protected":false},"author":3,"featured_media":0,"parent":0,"menu_order":0,"comment_status":"closed","ping_status":"closed","template":"","meta":{"footnotes":""},"class_list":["post-166","page","type-page","status-publish","hentry"],"_links":{"self":[{"href":"https:\/\/a-tronix.de\/fr\/wp-json\/wp\/v2\/pages\/166","targetHints":{"allow":["GET"]}}],"collection":[{"href":"https:\/\/a-tronix.de\/fr\/wp-json\/wp\/v2\/pages"}],"about":[{"href":"https:\/\/a-tronix.de\/fr\/wp-json\/wp\/v2\/types\/page"}],"author":[{"embeddable":true,"href":"https:\/\/a-tronix.de\/fr\/wp-json\/wp\/v2\/users\/3"}],"replies":[{"embeddable":true,"href":"https:\/\/a-tronix.de\/fr\/wp-json\/wp\/v2\/comments?post=166"}],"version-history":[{"count":39,"href":"https:\/\/a-tronix.de\/fr\/wp-json\/wp\/v2\/pages\/166\/revisions"}],"predecessor-version":[{"id":5674,"href":"https:\/\/a-tronix.de\/fr\/wp-json\/wp\/v2\/pages\/166\/revisions\/5674"}],"wp:attachment":[{"href":"https:\/\/a-tronix.de\/fr\/wp-json\/wp\/v2\/media?parent=166"}],"curies":[{"name":"wp","href":"https:\/\/api.w.org\/{rel}","templated":true}]}}